{"id":196,"date":"2020-09-28T13:23:09","date_gmt":"2020-09-28T10:23:09","guid":{"rendered":"http:\/\/yagmurasansor.com.tr\/?page_id=196"},"modified":"2020-10-14T13:48:42","modified_gmt":"2020-10-14T10:48:42","slug":"kabin-kat-kapisi-ve-mekanizmalari","status":"publish","type":"page","link":"https:\/\/yagmurasansor.com.tr\/index.php\/kabin-kat-kapisi-ve-mekanizmalari\/","title":{"rendered":"Kabin, Kat Kap\u0131s\u0131 Ve Mekanizmalar\u0131"},"content":{"rendered":"","protected":false},"excerpt":{"rendered":"","protected":false},"author":1,"featured_media":0,"parent":0,"menu_order":0,"comment_status":"closed","ping_status":"closed","template":"","meta":{"ngg_post_thumbnail":0},"_links":{"self":[{"href":"https:\/\/yagmurasansor.com.tr\/index.php\/wp-json\/wp\/v2\/pages\/196"}],"collection":[{"href":"https:\/\/yagmurasansor.com.tr\/index.php\/wp-json\/wp\/v2\/pages"}],"about":[{"href":"https:\/\/yagmurasansor.com.tr\/index.php\/wp-json\/wp\/v2\/types\/page"}],"author":[{"embeddable":true,"href":"https:\/\/yagmurasansor.com.tr\/index.php\/wp-json\/wp\/v2\/users\/1"}],"replies":[{"embeddable":true,"href":"https:\/\/yagmurasansor.com.tr\/index.php\/wp-json\/wp\/v2\/comments?post=196"}],"version-history":[{"count":3,"href":"https:\/\/yagmurasansor.com.tr\/index.php\/wp-json\/wp\/v2\/pages\/196\/revisions"}],"predecessor-version":[{"id":327,"href":"https:\/\/yagmurasansor.com.tr\/index.php\/wp-json\/wp\/v2\/pages\/196\/revisions\/327"}],"wp:attachment":[{"href":"https:\/\/yagmurasansor.com.tr\/index.php\/wp-json\/wp\/v2\/media?parent=196"}],"curies":[{"name":"wp","href":"https:\/\/api.w.org\/{rel}","templated":true}]}}