{"id":219,"date":"2020-09-28T13:26:38","date_gmt":"2020-09-28T10:26:38","guid":{"rendered":"http:\/\/yagmurasansor.com.tr\/?page_id=219"},"modified":"2020-09-29T18:01:48","modified_gmt":"2020-09-29T15:01:48","slug":"referanslarimiz","status":"publish","type":"page","link":"https:\/\/yagmurasansor.com.tr\/index.php\/referanslarimiz\/","title":{"rendered":"Referanslar\u0131m\u0131z"},"content":{"rendered":"\n<h3><strong>Referanslar\u0131m\u0131z (Diyarbak\u0131r)<\/strong><\/h3>\n\n\n\n<ul><li>Diyarbak\u0131r \u00c7avu\u015fo\u011flu \u0130n\u015faat 15 Durak 6 adet insan asans\u00f6r yap\u0131m i\u015fi<\/li><li>Diyarbak\u0131r Dehliz Yap\u0131 \u0130n\u015faat- BATMAN \u00dcNV.\/ Milli E\u011fitim Bakanl\u0131\u011f\u0131 \u0130n\u015faat ve Emlak Daire Ba\u015fkanl\u0131\u011f\u0131 1 adet hidrolik platform (engelli asans\u00f6r\u00fc) 2 adet 1600 kg makine dairesiz insan asans\u00f6r\u00fc 2 adet 800 kg makine dairesiz insan asans\u00f6r\u00fc 1 adet hidrolik servis mon\u015farj<\/li><li>Diyarbak\u0131r Akselcan \u0130n\u015faat LTD.\u015eT\u0130. TOK\u0130 BA\u015eBAKANLIK \u0130DARES\u0130 \u00dc\u00e7kuyu Mahallesi 808 adet konut in\u015faat\u0131 ile altyap\u0131 ve \u00e7evre d\u00fczenlemesi<\/li><li>Diyarbak\u0131r Demiro\u011flu \u0130n\u015faat Ticaret Sanayi Turizm LTD. \u015eti. ADALET BAKANLI\u011eI Ceza \u0130nfaz Kurumu Diyarbak\u0131r YG ve T Tipi Cezaevi \u0130n\u015faat\u0131 i\u015fi<\/li><li>Diyarbak\u0131r Akselcan \u0130n\u015faat Ticaret LTD. \u015eti. TOK\u0130 BA\u015eBAKANLIK \u0130DARES\u0130 \u00dc\u00e7kuyu mahallesi 720 (+8KD) Adet Konut, 1 adet cami, 3 adet ticaret merkezi in\u015faatlar\u0131 ile altyap\u0131 ve \u00e7evre d\u00fczenlemesi i\u015fi 56 adet asans\u00f6r yap\u0131m i\u015fi<\/li><li>Diyarbak\u0131r Yeni\u015fehir Belediyesi Hamidiye Yat\u0131l\u0131 K\u0131z Kuran Kursu<\/li><li>Diyarbak\u0131r Geli\u015fim Haritac\u0131l\u0131k- Vak\u0131f Rezidance&nbsp;<\/li><li>Diyarbak\u0131r Ta\u015fk\u0131ran yap\u0131 12 durakl\u0131 4 Blok 8 adet asans\u00f6r yap\u0131m i\u015fi<\/li><li>Diyarbak\u0131r \u00c7evre \u015eehircilik \u0130l M\u00fcd\u00fcrl\u00fc\u011f\u00fc Tapu ve Kadastro B\u00f6lge M\u00fcd\u00fcrl\u00fc\u011f\u00fc Hizmet Binas\u0131 Asans\u00f6r yap\u0131m i\u015fi<\/li><li>Diyarbak\u0131r \u00c7evre \u015eehircilik \u0130l M\u00fcd\u00fcrl\u00fc\u011f\u00fc Diyarbak\u0131r \u0130li Ergani \u0130l\u00e7esi 52 \u00dcniteli Jandarma Yatakhane Asans\u00f6r yap\u0131m i\u015fi&nbsp;<\/li><li>Diyarbak\u0131r Toki Ba\u015fbakanl\u0131k \u0130daresi Diyarbak\u0131r \u0130li Yeni\u015fehir \u0130l\u00e7esi Seyrantepe Mevkii 143 Adet HA\u0130T \u0130le Di\u011fer Ek Tesisleri ve Kurdo\u011flu Mevkii 95 Adet HA\u0130T \u0130le Di\u011fer Ek Tesisleri \u0130n\u015faatlar\u0131 \u0130le Altyap\u0131 ve \u00c7evre D\u00fczenlemesi \u0130\u015fi<\/li><li>Diyarbak\u0131r Valili\u011fi ERDEP 2015 Projesi Kapsam\u0131nda Diyarbak\u0131r Valili\u011fi H\u00fck\u00fcmet Kona\u011f\u0131n\u0131n Eri\u015filebilir Hale Getirilmesi \u0130\u015fi(PANAROM\u0130K ASANS\u00d6R YAPIM \u0130\u015e\u0130)<\/li><li>Diyarbak\u0131r F\u0130Z\u0130K TEDAV\u0130 VE REHAB\u0130L\u0130TASYON MERKEZ\u0130NE H\u0130DROL\u0130K ASANS\u00d6R YAPIM \u0130\u015e<\/li><li>Diyarbak\u0131r D\u0130YARBAKIR VAL\u0130L\u0130\u011e\u0130 YATIRIM \u0130ZLEME VE KOORD\u0130NASYON BA\u015eKANLI\u011eI (Y\u0130KOB) D\u0130YARBAKIR VAL\u0130L\u0130\u011e\u0130 YATIRIM \u0130ZLEME VE KOORD\u0130NASYON BA\u015eKANLI\u011eI (Y\u0130KOB) H\u0130ZMET B\u0130NASI +112 AC\u0130L \u00c7A\u011eRI MERKEZ\u0130 H\u0130ZMET B\u0130NASI YAPIM \u0130\u015e\u0130<\/li><li>Diyarbak\u0131r ER-KA GROUP \u0130N\u015eAAT A.\u015e. ER- KA GROUP STAR YAPI 10 BLOK KONUT YAPIM i\u015fi &#8211; 10 ADET SEDYE, 10 ADET \u0130NSAN ASANS\u00d6R\u00dc \u0130\u015e\u0130<\/li><li>Diyarbak\u0131r Toki Ba\u015fbakanl\u0131k \u0130daresi Pilon Yap\u0131 in\u015f. Tur. Pet. Mad. G\u0131da Oto. Teks. \u0130th. \u0130hr. San. Ve Tic. Ltd. \u015eti. &amp; Y\u0131ld\u0131zlar \u0130n\u015f. ve Tic. A.\u015f. \u0130\u015f Ortakl\u0131\u011f\u0131 33.000 Seyirci Kapasiteli Stadyum \u0130n\u015faat\u0131 \u0130\u015e\u0130<\/li><li>Diyarbak\u0131r Ka\u00e7mazlar \u0130n\u015faat 4 adet asans\u00f6r yap\u0131m i\u015fi<\/li><li>Diyarbak\u0131r Meya Otelcilik ve Enerji A.\u015e Diyarbak\u0131r ili Kayap\u0131nar il\u00e7esi 6 adet asans\u00f6r yap\u0131m i\u015fi<\/li><li>Diyarbak\u0131r Uygulama ve Ara\u015ft\u0131rma Hastanesi Y\u00dcKSEK\u00d6\u011eRET\u0130M KURUMLARI D\u0130CLE \u00dcN\u0130VERS\u0130TES\u0130&nbsp; D\u0130YARBAKIR \u0130L\u0130 D\u0130CLE \u00dcNV \u00c7OCUK HASTANES\u0130 2 ADET 1600 KG 81-20 STANDARDINA UYGUN ASANS\u00d6R YAPIM \u0130\u015e\u0130<\/li><\/ul>\n\n\n\n<ul><li>Diyarbak\u0131r Nur\u00e7ay \u0130n\u015faat LTD. \u015eT\u0130. NUR\u00c7AY PREST\u0130GE KONUTLARI 4 BLOK &#8211; 4 ADET SEDYE, 4 ADET 630 KG. ASANS\u00d6R \u0130\u015e\u0130<\/li><li>Diyarbak\u0131r Kayalar \u0130n\u015faat LTD. \u015eT\u0130. Kaya Yap\u0131 4 Blok 8 asans\u00f6r yap\u0131m i\u015fi<\/li><li>Diyarbak\u0131r TA\u015eKIRAN YAPI 12 DURAKLI 4 BLOK 8 ADET ASANS\u00d6R YAPIM \u0130\u015e\u0130<\/li><li>Diyarbak\u0131r Kayalar \u0130n\u015faat LTD. \u015eT\u0130. KAYA YAPI 2 BLOK 8 ASANS\u00d6R YAPIM \u0130\u015e\u0130<\/li><li>Diyarbak\u0131r Valilik (YiKOB) \u0130\u00c7 \u0130\u015eLER\u0130 BAKANLI\u011eI M\u00dcSTE\u015eARLIK Diyarbak\u0131r \u0130l Jandarma Komutanl\u0131\u011f\u0131 Lojmanlar\u0131na ait 9 Adet Asans\u00f6r\u00fcn Revizyon \u0130\u015e\u0130<\/li><li>Diyarbak\u0131r Star Yap\u0131 16 adet 14 durakl\u0131 13 ve 8 ki\u015filik 1000-630 kg 1,6m\/s frekans kontroll\u00fc tam otomatik kap\u0131l\u0131 asans\u00f6r.a-3&#8217;l\u00fc<\/li><li>Diyarbak\u0131r Dehliz Yap\u0131 \u0130n\u015faat Kad\u0131n S\u0131\u011f\u0131nma evi ve Hani Belediyesi Spor Kompleksinde 2 adet 1\/2 ask\u0131 panoramik dili\u015fiz, 800 kg. makina dairesiz asans\u00f6r<\/li><li>Diyarbak\u0131r MEYA OTELC\u0130L\u0130K VE ENERJ\u0130 A.\u015e. Diyarbak\u0131r ili Kayap\u0131nar \u0130l\u00e7esinde Bulunan Radison Blue otel 3,5 Ton Ara\u00e7 asans\u00f6r\u00fc ile 1000 kg. 3 adet asans\u00f6r<\/li><li>Diyarbak\u0131r Sur-Amed \u0130n\u015faat LTD.\u015eT\u0130. Diyarbak\u0131r ili Kayap\u0131nar \u0130l\u00e7esinde Bulunan 5 Bloklu sitede bulunan 5 adet 800 kg., 5 adet 450 kg. Asans\u00f6r Yap\u0131m\u0131<\/li><li>Diyarbak\u0131r Gran Park \u0130\u015fletmesi D\u00fc\u011f\u00fcn Salonunda bulunan 3 adet 800 kg Asans\u00f6r Yap\u0131m\u0131<\/li><li>Diyarbak\u0131r Metra \u0130n\u015faat Diyarbak\u0131r ili Kayap\u0131nar il\u00e7esinde bulunan 7 bloklu sitenin 7 adet 800 kg, 7 adet 630 kg. olmak \u00fczere toplam 14 asans\u00f6r\u00fcn yap\u0131m\u0131<\/li><li>Diyarbak\u0131r \u0130l Emniyet M\u00fcd\u00fcrl\u00fc\u011f\u00fc \u0130\u00c7 \u0130\u015eLER\u0130 BAKANLI\u011eI EMN\u0130YET GENEL M\u00dcD\u00dcRL\u00dc\u011e\u00dc URFA YOLU TOK\u0130 POL\u0130S LOJMANLARINDA BULUNAN ASANS\u00d6RLER\u0120N BAKIM VE ONARIMI<\/li><li>Diyarbak\u0131r Kamu Hastane Birli\u011fi SA\u011eLIK BAKANLI\u011eI T\u00dcRK\u0130YE KAMU HASTANELER\u0130 KURUMU D\u0130YARBAKIR \u0130L\u0130 L\u0130CE \u0130L\u00c7ES\u0130 HAL\u0130S TOPRAK VAKFI DEVLET HASTANES\u0130 ASANS\u00d6R YAPIMI \u0130\u015e\u0130<\/li><li>Diyarbak\u0131r Kamu Hastane Birli\u011fi SA\u011eLIK BAKANLI\u011eI T\u00dcRK\u0130YE KAMU HASTANELER\u0130 KURUMU iki) KISIM YAPIM i\u015fi( B\u00f6lge E\u011ft.ve Ara\u015ft\u0131rma Hastanesine ait 19 Adet Asans\u00f6r Revizyon i\u015fi ile Mevcut Hizmet Binas\u0131 Mutfa\u011f\u0131n\u0131n Kapasite Art\u0131r\u0131m\u0131- Tadilat Yap\u0131m i\u015fi)<\/li><li>D\u0130YARBAKIR T.C. M.E.B. 1 ADET 3 DURAK 800 KG 1m\/s h\u0131z kontroll\u00fc, kurtar\u0131c\u0131l\u0131 tam ot. kap\u0131l\u0131 asans\u00f6r.<\/li><li>D\u0130YARBAKIR T.C. M.E.B. 1 adet 4 durakl\u0131 10 ki\u015filik 800 kg kurtar\u0131c\u0131l\u0131 tam ot. kap\u0131l\u0131 asans\u00f6r<\/li><li>Diyarbak\u0131r Ay yap\u0131 park panorama evleri 14 adet 14 durakl\u0131 8\/10 ki\u015filik 630\/800 kg 1m\/s frekans kontroll\u00fc tam otomatik kap\u0131l\u0131 asans\u00f6r.a-3&#8217;l\u00fc<\/li><li>Diyarbak\u0131r Biment City 11 adet 7 durakl\u0131 6 ki\u015filik 450 kg H\u0131z kontroll\u00fc, kurtar\u0131c\u0131l\u0131 yar\u0131m otomatik kap\u0131l\u0131 asans\u00f6r.a-3&#8217;l\u00fc<\/li><li>Diyarbak\u0131r Y\u0131lmaz \u0130n\u015faat 1 adet 8 durakl\u0131 6 ki\u015filik 450 kg 1 m\/s frekans kontroll\u00fc, Tam otomatik kap\u0131l\u0131, a-3&#8217;l\u00fc asans\u00f6r.<\/li><li>Diyarbak\u0131r Bubya Yap\u0131 2 adet 8 durakl\u0131 6 ki\u015filik 450 kg H\u0131z kontroll\u00fc, kurtar\u0131c\u0131l\u0131 yar\u0131m otomatik kap\u0131l\u0131 asans\u00f6r.a-3&#8217;l\u00fc<\/li><li>Diyarbak\u0131r T.C.M.E.B BA\u011eLAR HALK E\u011e\u0130T\u0130M MERKEZ\u0130 1 ADET 3 DURAKLI 10 K\u0130\u015e\u0130L\u0130K 800 KG 1M\/S HIZ KONTROLL\u00dc, KURTARICILI TAM OTOMAT\u0130K KAPILI ASANS\u00d6R A3&#8217;L\u00dc<\/li><li>Diyarbak\u0131r KAYALAR Towers 10 ADET 12 DURAKLI 6 K\u0130\u015e\u0130L\u0130K 480 KG 1M\/S FREKANS KONTROLL\u00dc TAM OTOMAT\u0130K KAPILI ASANS\u00d6R.A-3&#8217;L\u00dc<\/li><li>Diyarbak\u0131r Tepe\u015fehir Koop. 3 ADET 7 DURAKLI 5 K\u0130\u015e\u0130L\u0130K 400 KG \u00c7\u0130FT HIZLI KURTARICILI YARIM OT. KAPILI ASANS\u00d6R<\/li><li>Diyarbak\u0131r Ya\u015far Yap\u0131 1 ADET 7DURAKLI 4 K\u0130\u015e\u0130L\u0130K 320 KG HIZ KONTROLL\u00dc, KURTARICILI YARIM OTOMAT\u0130K KAPILI ASANS\u00d6R<\/li><\/ul>\n\n\n\n<h4><strong>Referanslar\u0131m\u0131z (\u0130STANBUL)<\/strong><\/h4>\n\n\n\n<ul><li>\u0130stanbul Toki Ba\u015fbakanl\u0131k \u0130daresi Dehliz Yap\u0131 \u0130n\u015faat GEN\u00c7L\u0130K MERKEZ\u0130 B\u0130NASI ASANS\u00d6R YAPIM \u0130\u015e\u0130<\/li><li>\u0130stanbul \u00d6zplat Oto.\u0130n\u015f.Ltd.\u015eti. Cumhuriyet Mh. Leylak Sk. No:3 K.\u00c7ekmece\/\u0130stanbul<\/li><li>\u0130stanbul Yeni mahalle derya ufuk K.\u00c7ekmece\/\u0130stanbul<\/li><\/ul>\n\n\n\n<h4><strong>Referanslar\u0131m\u0131z (\u0130ZM\u0130R)<\/strong><\/h4>\n\n\n\n<ul><li>\u0130zmir Toki Ba\u015fbakanl\u0131k \u0130daresi \u00d6zk\u0131l\u0131\u00e7 Yap\u0131 \u0130n\u015f. Taah. Pet. \u00dcrn. San. Tic. Ltd. \u015eti. \u0130zmir \u0130li, Torbal\u0131 \u0130l\u00e7esi, Ayranc\u0131lar Mahallesi 315 Adet Konut ve 8 Adet D\u00fckkan \u0130n\u015faatlar\u0131 ile Altyap\u0131 ve \u00c7evre D\u00fczenlemesi \u0130\u015fi<\/li><\/ul>\n\n\n\n<h4><strong>Referanslar\u0131m\u0131z (BALIKES\u0130R)<\/strong><\/h4>\n\n\n\n<ul><li>Bal\u0131kesir Toki Ba\u015fbakanl\u0131k \u0130daresi Ar\u0131kkan \u0130n\u015faat Taah. Tic. ve San. A.\u015e. &amp; SO-SAH Yap. \u0130n\u015f. Pet. Do\u011falgaz \u0130\u015f Mak. Turz. Tic. Ltd. \u015eti. &amp; Sigma \u0130n\u015f. ve Turz. \u0130\u015fletmeleri Tic. A.\u015e. \u0130\u015f Ortakl\u0131\u011f\u0131 Bal\u0131kesir ili \u0130vrindi il\u00e7esi kurtulu\u015f mahallesi 110 konut, 1 adet b\u00fcfe, 1 adet cami in\u015faatlar\u0131 ile altyap\u0131 ve \u00e7evre d\u00fczenlemesi i\u015fi<\/li><\/ul>\n\n\n\n<h4><strong>Referanslar\u0131m\u0131z (\u015eIRNAK)<\/strong><\/h4>\n\n\n\n<ul><li>\u015e\u0131rnak Merkez Toki Ba\u015fbakanl\u0131k \u0130daresi AL-BA Yap\u0131 \u0130n\u015f. Beton San.Tic. Ltd. \u015eti. \u015e\u0131rnak ili, merkez il\u00e7esi Gazi 1 B\u00f6lge 1 Etap 539 Adet Konut, 12 Adet D\u00fckkan \u0130n\u015faat\u0131 ile Altyap\u0131 ve \u00c7evre D\u00fczenlemesi i\u015fi<\/li><li>\u015e\u0131rnak Cizre Toki Ba\u015fbakanl\u0131k \u0130daresi Biskon Yap\u0131 A.\u015e. S\u0131rnak \u0130li Cizre \u0130l\u00e7esi 5.Etap 604 adet konut ve 120 adet ticaret alan\u0131 in\u015faat\u0131 i\u015fi<\/li><\/ul>\n\n\n\n<h4><strong>Referanslar\u0131m\u0131z (AFYON)<\/strong><\/h4>\n\n\n\n<ul><li>Afton Toki Ba\u015fbakanl\u0131k \u0130daresi \u00d6zk\u0131l\u0131\u00e7 Yap\u0131 \u0130n\u015f. Taah. Pet. \u00dcrn. San. Tic. Ltd. \u015eti. &amp; Ok\u00e7uo\u011flu \u0130n\u015f. M\u00fch. M\u00fc\u015f. San ve Tic. A.\u015e. \u0130\u015f Ortakl\u0131\u011f\u0131 Afyonkarahisar ili, Dinar \u0130l\u00e7esi, \u0130ncirli Mahallesi 3.Etap 800 Adet Konut, 1 Adet 9 D\u00fckkanl\u0131 Ticaret Merkezi ve 1 Adet Camii \u0130n\u015faatlar\u0131 ile Altyap\u0131 ve \u00c7evre D\u00fczenlemesi \u0130\u015fi<\/li><\/ul>\n\n\n\n<h4><strong>Referanslar\u0131m\u0131z (DEN\u0130ZL\u0130)<\/strong><\/h4>\n\n\n\n<ul><li>Denizli Toki Ba\u015fbakanl\u0131k \u0130daresi \u00d6zk\u0131l\u0131\u00e7 Yap\u0131 \u0130n\u015f. Taah. Pet. \u00dcrn. San. Tic. Ltd. \u015eti. Denizli ili Sarayk\u00f6y \u0130l\u00e7esi Gerali Mahallesi 403 Adet Konut, 1 Adet Cami ve 1 Adet Ticaret&nbsp; Merkezi \u0130n\u015faatlar\u0131 ile Altyap\u0131 ve \u00c7evre D\u00fczenlemesi \u0130\u015fi<\/li><li>Denizli Toki Ba\u015fbakanl\u0131k \u0130daresi Star Life \u0130n\u015faat Restorasyon Madencilik Turizm Petrol Sanayi ve Ticaret ltd. \u015eti. Denizli ili Honaz \u0130l\u00e7esi 110 Adet Konut, 1 adet Ticaret Merkezi \u0130n\u015faatlar\u0131 ile altyap\u0131 ve \u00e7evre d\u00fczenlenmesi i\u015fi<\/li><\/ul>\n\n\n\n<h4><strong>Referanslar\u0131m\u0131z (MARD\u0130N)<\/strong><\/h4>\n\n\n\n<ul><li>Mardin Nusaybin Toki Ba\u015fbakanl\u0131k \u0130daresi Polen \u0130n\u015f. M\u00fch. Nak. G\u0131da Taah. San. ve Tic. Ltd. \u015eti. &amp; Dibay \u0130n\u015f. Tur. M\u00fch. Telek. Nak. San. ve Tic. Ltd. \u015eti. \u0130\u015f ortakl\u0131\u011f\u0131 MARD\u0130N \u0130L\u0130 NUSAYB\u0130N \u0130L\u00c7ES\u0130 5. ETAP 353 ADET KONUT VE 54 ADET D\u00dcKKAN \u0130N\u015eAATI \u0130LE ALTYAPI VE \u00c7EVRE D\u00dcZENLEMES\u0130 \u0130\u015e\u0130 VE MARD\u0130N \u0130L\u0130 NUSAYB\u0130N \u0130L\u00c7ES\u0130 6. ETAP 433 ADET KONUT VE 24 ADET D\u00dcKKAN \u0130N\u015eAATI \u0130LE ALTYAPI VE \u00c7EVRE D\u00dcZENLEMES\u0130 i\u015fi<\/li><li>Mardin Mira\u00e7 -Yol Alt Yap\u0131 \u00dcst Yap\u0131 A.\u015e. \u00dcstlenen \u0130stanbul B\u00fcy\u00fck\u015fehir Belediyesi MARD\u0130N \u0130L EMN\u0130YET M\u00dcD\u00dcRL\u00dc\u011e\u00dc H\u0130ZMET B\u0130NASI YAPIM \u0130\u015e\u0130<\/li><\/ul>\n\n\n\n<h4><strong>Referanslar\u0131m\u0131z (MAN\u0130SA)<\/strong><\/h4>\n\n\n\n<ul><li>Manisa Toki Ba\u015fbakanl\u0131k \u0130daresi Manisa ili Yunusemre \u0130l\u00e7esi Akgedik Mahallesi 178, 179 ve 197 parsellerde yap\u0131lacak olan 1101 adet konut, 39 adet ticaret merkezi ve 1 adet cami in\u015faat\u0131 ile altyap\u0131 ve \u00e7evre d\u00fczenlemesi i\u015fi<\/li><\/ul>\n\n\n\n<h4><strong>Referanslar\u0131m\u0131z (HAKKAR\u0130)<\/strong><\/h4>\n\n\n\n<ul><li>HAKKAR\u0130 Toki Ba\u015fbakanl\u0131k Polen \u0130n\u015f. M\u00fch. Nak. G\u0131da Taah. San. ve Tic. Ltd. \u015eti. Dibay. \u0130n\u015f. Tur.M\u00fch. Telek. Nak. San. ve Tic. Ltd. \u015eti . \u0130\u015f ortakl\u0131\u011f\u0131 Hakkari ili Y\u00fcksekova il\u00e7esi 1.B\u00f6lge 2.Etap 768 adet Konut \u0130n\u015faat\u0131 ile Altyap\u0131 ve \u00c7evre D\u00fczenleme \u0130\u015fi<\/li><\/ul>\n\n\n\n<h4><strong>Referanslar\u0131m\u0131z (ERZURUM)<\/strong><\/h4>\n\n\n\n<ul><li>Erzurum Toki Ba\u015fbakanl\u0131k \u0130daresi Nuho\u011flu in\u015f. san. ve tic. a.\u015f. Erzurum \u0130li Paland\u00f6ken \u0130l\u00e7esi Malmeydan\u0131 Kentsel D\u00f6n\u00fc\u015f\u00fcm ve Geli\u015fim Projesi 3. Etap 579 Adet Konut 1 Adet 32 Derslikli ilk\u00f6\u011fretim Okulu ve 1 Adet 750 Ki\u0122ilik Cami in\u015faatlar\u0131 ile Altyap\u0131 ve \u00c7evre D\u00fczenlemesi i\u015fi<\/li><li>Erzurum NTA yap\u0131 end\u00fcstrisi limited \u015firketi \u00dcstlenen \u0130stanbul B\u00fcy\u00fck\u015fehir Belediyesi 1000 ki\u015filik \u00c7evik Kuvvet Hizmet Binalar\u0131 yap\u0131m i\u015fi<\/li><\/ul>\n\n\n\n<h4><strong>Referanslar\u0131m\u0131z (MU\u015e)<\/strong><\/h4>\n\n\n\n<ul><li>MU\u015e Toki Ba\u015fbakanl\u0131k \u0130daresi Servet Ata\u00e7 Ata\u00e7lar \u0130n\u015faat Sanayi ve M\u00fcteahitlik A.\u015e. Mu\u015f \u0130li Bulan\u0131k \u0130l\u00e7esi 24 Derslikli Lise, Motor At\u00f6lyesi, Tesviye At\u00f6lyesi, 300Ki\u015filik Pansiyon \u0130n\u015faat\u0131 \u0130le Altyap\u0131 ve \u00c7evre D\u00fczenlemesi \u0130\u015fi<\/li><\/ul>\n\n\n\n<h4><strong>Referanslar\u0131m\u0131z (BURSA)<\/strong><\/h4>\n\n\n\n<ul><li>Bursa B\u00fcy\u00fck\u015fehir Belediyesi G\u00dcNDO\u011eDU \u0130N\u015eAAT LTD. \u015eT\u0130. SEL\u0130M TU\u011eRUL \u0130\u015e ORTAKLI\u011eI BURSA B\u00dcY\u00dcK\u015eEH\u0130R BELED\u0130YES\u0130 G\u00d6R\u00dcKLE GEN\u00c7L\u0130K MERKEZ\u0130 \u0130N\u015eAATI YAPIM \u0130\u015e\u0130<\/li><\/ul>\n\n\n\n<h4><strong>Referanslar\u0131m\u0131z (\u00c7ORLU)<\/strong><\/h4>\n\n\n\n<ul><li>\u00c7orlu \u00d6ZPOLAT \u0130N\u015eAAT&nbsp; \u015eEYH S\u0130NAN MH. OMURTAK CD. NO:191 \u00c7ORLU\/TEK\u0130RDA\u011e<\/li><\/ul>\n\n\n\n<h4><strong>Referanslar\u0131m\u0131z (VAN)<\/strong><\/h4>\n\n\n\n<ul><li>Van Kamu Hastane Birli\u011fi SA\u011eLIK BAKANLI\u011eI T\u00dcRK\u0130YE KAMU HASTANELER\u0130 KURUMU&nbsp;<\/li><\/ul>\n\n\n\n<h4><strong>Referanslar\u0131m\u0131z (\u015eanl\u0131urfa)<\/strong><\/h4>\n\n\n\n<ul><li>\u015eanl\u0131urfa T\u00dcRK TELEKOM\u00dcNiKASYON A.\u015e. \u015eanl\u0131urfa \u0130l Binas\u0131 2 Adet Asans\u00f6r revizyoni i\u015fi<\/li><\/ul>\n","protected":false},"excerpt":{"rendered":"<p>Referanslar\u0131m\u0131z (Diyarbak\u0131r) Diyarbak\u0131r \u00c7avu\u015fo\u011flu \u0130n\u015faat 15 Durak 6 adet insan asans\u00f6r yap\u0131m i\u015fi Diyarbak\u0131r Dehliz Yap\u0131 \u0130n\u015faat- BATMAN \u00dcNV.\/ Milli E\u011fitim Bakanl\u0131\u011f\u0131 \u0130n\u015faat ve Emlak Daire<span class=\"excerpt-hellip\"> [\u2026]<\/span><\/p>\n","protected":false},"author":1,"featured_media":0,"parent":0,"menu_order":0,"comment_status":"closed","ping_status":"closed","template":"","meta":{"ngg_post_thumbnail":0},"_links":{"self":[{"href":"https:\/\/yagmurasansor.com.tr\/index.php\/wp-json\/wp\/v2\/pages\/219"}],"collection":[{"href":"https:\/\/yagmurasansor.com.tr\/index.php\/wp-json\/wp\/v2\/pages"}],"about":[{"href":"https:\/\/yagmurasansor.com.tr\/index.php\/wp-json\/wp\/v2\/types\/page"}],"author":[{"embeddable":true,"href":"https:\/\/yagmurasansor.com.tr\/index.php\/wp-json\/wp\/v2\/users\/1"}],"replies":[{"embeddable":true,"href":"https:\/\/yagmurasansor.com.tr\/index.php\/wp-json\/wp\/v2\/comments?post=219"}],"version-history":[{"count":4,"href":"https:\/\/yagmurasansor.com.tr\/index.php\/wp-json\/wp\/v2\/pages\/219\/revisions"}],"predecessor-version":[{"id":234,"href":"https:\/\/yagmurasansor.com.tr\/index.php\/wp-json\/wp\/v2\/pages\/219\/revisions\/234"}],"wp:attachment":[{"href":"https:\/\/yagmurasansor.com.tr\/index.php\/wp-json\/wp\/v2\/media?parent=219"}],"curies":[{"name":"wp","href":"https:\/\/api.w.org\/{rel}","templated":true}]}}